{"id":917,"date":"2019-07-12T15:35:54","date_gmt":"2019-07-12T13:35:54","guid":{"rendered":"https:\/\/nathalieborderie.fr\/?page_id=917"},"modified":"2019-09-18T22:22:24","modified_gmt":"2019-09-18T20:22:24","slug":"a-propos-de","status":"publish","type":"page","link":"https:\/\/nathalieborderie.fr\/index.php\/a-propos-de\/","title":{"rendered":"De l&#8217;artiste"},"content":{"rendered":"\t\t<div data-elementor-type=\"wp-post\" data-elementor-id=\"917\" class=\"elementor elementor-917\" data-elementor-settings=\"[]\">\n\t\t\t\t\t\t<div class=\"elementor-inner\">\n\t\t\t\t\t\t\t<div class=\"elementor-section-wrap\">\n\t\t\t\t\t\t\t<section class=\"elementor-section elementor-top-section elementor-element elementor-element-00a7626 elementor-section-content-middle elementor-section-full_width elementor-reverse-mobile elementor-section-height-default elementor-section-height-default\" data-id=\"00a7626\" data-element_type=\"section\" data-settings=\"{&quot;background_background&quot;:&quot;classic&quot;}\">\n\t\t\t\t\t\t<div class=\"elementor-container elementor-column-gap-no\">\n\t\t\t\t\t\t\t<div class=\"elementor-row\">\n\t\t\t\t\t<div class=\"elementor-column elementor-col-50 elementor-top-column elementor-element elementor-element-476516d elementor-hidden-phone\" data-id=\"476516d\" data-element_type=\"column\" data-settings=\"{&quot;background_background&quot;:&quot;classic&quot;}\">\n\t\t\t<div class=\"elementor-column-wrap elementor-element-populated\">\n\t\t\t\t\t\t\t<div class=\"elementor-widget-wrap\">\n\t\t\t\t\t\t<div class=\"elementor-element elementor-element-619bb75 elementor-widget elementor-widget-text-editor\" data-id=\"619bb75\" data-element_type=\"widget\" data-widget_type=\"text-editor.default\">\n\t\t\t\t<div class=\"elementor-widget-container\">\n\t\t\t\t\t<div class=\"elementor-text-editor elementor-clearfix\"><p>Nathalie Borderie<\/p><\/div>\n\t\t\t\t<\/div>\n\t\t\t\t<\/div>\n\t\t\t\t\t\t<\/div>\n\t\t\t\t\t<\/div>\n\t\t<\/div>\n\t\t\t\t<div class=\"elementor-column elementor-col-50 elementor-top-column elementor-element elementor-element-47c72ec\" data-id=\"47c72ec\" data-element_type=\"column\" data-settings=\"{&quot;background_background&quot;:&quot;classic&quot;}\">\n\t\t\t<div class=\"elementor-column-wrap elementor-element-populated\">\n\t\t\t\t\t<div class=\"elementor-background-overlay\"><\/div>\n\t\t\t\t\t\t\t<div class=\"elementor-widget-wrap\">\n\t\t\t\t\t\t<div class=\"elementor-element elementor-element-e37a88e elementor-widget elementor-widget-heading\" data-id=\"e37a88e\" data-element_type=\"widget\" data-widget_type=\"heading.default\">\n\t\t\t\t<div class=\"elementor-widget-container\">\n\t\t\t<h2 class=\"elementor-heading-title elementor-size-xxl\">L'artiste<\/h2>\t\t<\/div>\n\t\t\t\t<\/div>\n\t\t\t\t<div class=\"elementor-element elementor-element-b08cc22 elementor-widget elementor-widget-text-editor\" data-id=\"b08cc22\" data-element_type=\"widget\" data-widget_type=\"text-editor.default\">\n\t\t\t\t<div class=\"elementor-widget-container\">\n\t\t\t\t\t<div class=\"elementor-text-editor elementor-clearfix\"><p>Que dire de la cr\u00e9atrice \u2026 des \u00e9tincelles d\u2019id\u00e9es, un orage de couleurs et une imagination sans<br \/>limite\u2026 la tribu pousse ses premiers cris\u2026<br \/>Rien n\u2019arrive au hasard \u2026 apr\u00e8s une formation de styliste Haute Couture, le travail du verre succ\u00e8de \u00e0<br \/>celui du tissu \u2026 D\u00e9j\u00e0 des couleurs, des formes et une approche atypique de la cr\u00e9ation permettent \u00e0<br \/>l\u2019artiste de se faire un nom et de participer \u00e0 de nombreux salons \u2026<br \/>Puis vient le temps d\u2019une nouvelle collection de sculptures \u2026. Des pi\u00e8ces uniques reprenant le savoir-<br \/>faire acquis depuis de nombreuses ann\u00e9es, le tout en format XXL\u2026 l\u2019accueil est \u00e0 la mesure du d\u00e9fi \u2026<\/p><\/div>\n\t\t\t\t<\/div>\n\t\t\t\t<\/div>\n\t\t\t\t\t\t<\/div>\n\t\t\t\t\t<\/div>\n\t\t<\/div>\n\t\t\t\t\t\t\t\t<\/div>\n\t\t\t\t\t<\/div>\n\t\t<\/section>\n\t\t\t\t<section class=\"elementor-section elementor-top-section elementor-element elementor-element-134edae elementor-section-content-middle elementor-section-full_width elementor-reverse-mobile elementor-section-height-default elementor-section-height-default\" data-id=\"134edae\" data-element_type=\"section\" data-settings=\"{&quot;background_background&quot;:&quot;classic&quot;}\">\n\t\t\t\t\t\t<div class=\"elementor-container elementor-column-gap-no\">\n\t\t\t\t\t\t\t<div class=\"elementor-row\">\n\t\t\t\t\t<div class=\"elementor-column elementor-col-50 elementor-top-column elementor-element elementor-element-c87a893 elementor-hidden-phone\" data-id=\"c87a893\" data-element_type=\"column\" data-settings=\"{&quot;background_background&quot;:&quot;classic&quot;}\">\n\t\t\t<div class=\"elementor-column-wrap elementor-element-populated\">\n\t\t\t\t\t\t\t<div class=\"elementor-widget-wrap\">\n\t\t\t\t\t\t<div class=\"elementor-element elementor-element-50f8ee1 elementor-widget elementor-widget-image\" data-id=\"50f8ee1\" data-element_type=\"widget\" data-widget_type=\"image.default\">\n\t\t\t\t<div class=\"elementor-widget-container\">\n\t\t\t\t\t<div class=\"elementor-image\">\n\t\t\t\t\t\t\t\t\t\t<img width=\"490\" height=\"490\" src=\"https:\/\/nathalieborderie.fr\/wp-content\/uploads\/2019\/08\/Dual.jpg\" class=\"attachment-large size-large\" alt=\"\" loading=\"lazy\" srcset=\"https:\/\/nathalieborderie.fr\/wp-content\/uploads\/2019\/08\/Dual.jpg 490w, https:\/\/nathalieborderie.fr\/wp-content\/uploads\/2019\/08\/Dual-150x150.jpg 150w, https:\/\/nathalieborderie.fr\/wp-content\/uploads\/2019\/08\/Dual-300x300.jpg 300w, https:\/\/nathalieborderie.fr\/wp-content\/uploads\/2019\/08\/Dual-75x75.jpg 75w\" sizes=\"(max-width: 490px) 100vw, 490px\" \/>\t\t\t\t\t\t\t\t\t\t\t<\/div>\n\t\t\t\t<\/div>\n\t\t\t\t<\/div>\n\t\t\t\t\t\t<\/div>\n\t\t\t\t\t<\/div>\n\t\t<\/div>\n\t\t\t\t<div class=\"elementor-column elementor-col-50 elementor-top-column elementor-element elementor-element-d7718c5\" data-id=\"d7718c5\" data-element_type=\"column\" data-settings=\"{&quot;background_background&quot;:&quot;classic&quot;}\">\n\t\t\t<div class=\"elementor-column-wrap elementor-element-populated\">\n\t\t\t\t\t<div class=\"elementor-background-overlay\"><\/div>\n\t\t\t\t\t\t\t<div class=\"elementor-widget-wrap\">\n\t\t\t\t\t\t<div class=\"elementor-element elementor-element-0a5af5d elementor-widget elementor-widget-heading\" data-id=\"0a5af5d\" data-element_type=\"widget\" data-widget_type=\"heading.default\">\n\t\t\t\t<div class=\"elementor-widget-container\">\n\t\t\t<h2 class=\"elementor-heading-title elementor-size-xxl\">Le cursus...<\/h2>\t\t<\/div>\n\t\t\t\t<\/div>\n\t\t\t\t<div class=\"elementor-element elementor-element-ca69fe2 elementor-widget elementor-widget-text-editor\" data-id=\"ca69fe2\" data-element_type=\"widget\" data-widget_type=\"text-editor.default\">\n\t\t\t\t<div class=\"elementor-widget-container\">\n\t\t\t\t\t<div class=\"elementor-text-editor elementor-clearfix\"><p>L\u2019\u00e9cole de la rigueur \u2026 Dipl\u00f4m\u00e9e de l\u2019\u00e9cole Sup\u00e9rieure de la Chambre Syndicale de la Couture<br \/>Parisienne, le travail de la cr\u00e9atrice se fa\u00e7onne.<br \/>Nathalie travaille sur la pr\u00e9sentation de d\u00e9fil\u00e9s de Mode en tant que styliste et r\u00e9alise ses premi\u00e8res<br \/>cr\u00e9ations de bijoux en pi\u00e8ce unique pour la Haute Couture \u2026 l\u2019histoire \u00e9tait en marche.<br \/>Nathalie fait le pari os\u00e9 de repartir vers sa Touraine natale, cadre propice \u00e0 la cr\u00e9ation o\u00f9 elle installe<br \/>son atelier en 1993. N\u00e9anmoins, Paris coulant dans ses veines, elle pr\u00e9sente sa premi\u00e8re collection<br \/>sur Bijorhca en 1994. S\u2019en suit une collaboration avec la marque japonaise Mich\u00e8le COLIN, tremplin<br \/>pour un positionnement sur le march\u00e9 international. Les bijoux \u00ab\u00a0Nathalie Borderie\u00a0\u00bb sont alors<br \/>pr\u00e9sents dans plus de 20 pays.<br \/>Elle peaufine le travail du verre et de la couleur et attire les boutiques de diff\u00e9rents\u00a0mus\u00e9es\u00a0: The Art<br \/>Institute Of Chicago, Mus\u00e9e Picasso Barcelone, Mus\u00e9e Andr\u00e9 Jacquemart Paris\u2026 Un virage artistique<br \/>s\u2019amorce\u2026<\/p><\/div>\n\t\t\t\t<\/div>\n\t\t\t\t<\/div>\n\t\t\t\t\t\t<\/div>\n\t\t\t\t\t<\/div>\n\t\t<\/div>\n\t\t\t\t\t\t\t\t<\/div>\n\t\t\t\t\t<\/div>\n\t\t<\/section>\n\t\t\t\t<section class=\"elementor-section elementor-top-section elementor-element elementor-element-14f9873 elementor-section-content-middle elementor-section-full_width elementor-reverse-mobile elementor-section-height-default elementor-section-height-default\" data-id=\"14f9873\" data-element_type=\"section\" data-settings=\"{&quot;background_background&quot;:&quot;classic&quot;}\">\n\t\t\t\t\t\t<div class=\"elementor-container elementor-column-gap-no\">\n\t\t\t\t\t\t\t<div class=\"elementor-row\">\n\t\t\t\t\t<div class=\"elementor-column elementor-col-50 elementor-top-column elementor-element elementor-element-047c06a elementor-hidden-phone\" data-id=\"047c06a\" data-element_type=\"column\" data-settings=\"{&quot;background_background&quot;:&quot;classic&quot;}\">\n\t\t\t<div class=\"elementor-column-wrap elementor-element-populated\">\n\t\t\t\t\t\t\t<div class=\"elementor-widget-wrap\">\n\t\t\t\t\t\t<div class=\"elementor-element elementor-element-a992400 elementor-widget elementor-widget-image\" data-id=\"a992400\" data-element_type=\"widget\" data-widget_type=\"image.default\">\n\t\t\t\t<div class=\"elementor-widget-container\">\n\t\t\t\t\t<div class=\"elementor-image\">\n\t\t\t\t\t\t\t\t\t\t<img width=\"490\" height=\"490\" src=\"https:\/\/nathalieborderie.fr\/wp-content\/uploads\/2019\/08\/Aygo.jpg\" class=\"attachment-ashe-slider-full-thumbnail size-ashe-slider-full-thumbnail\" alt=\"\" loading=\"lazy\" srcset=\"https:\/\/nathalieborderie.fr\/wp-content\/uploads\/2019\/08\/Aygo.jpg 490w, https:\/\/nathalieborderie.fr\/wp-content\/uploads\/2019\/08\/Aygo-150x150.jpg 150w, https:\/\/nathalieborderie.fr\/wp-content\/uploads\/2019\/08\/Aygo-300x300.jpg 300w, https:\/\/nathalieborderie.fr\/wp-content\/uploads\/2019\/08\/Aygo-75x75.jpg 75w\" sizes=\"(max-width: 490px) 100vw, 490px\" \/>\t\t\t\t\t\t\t\t\t\t\t<\/div>\n\t\t\t\t<\/div>\n\t\t\t\t<\/div>\n\t\t\t\t\t\t<\/div>\n\t\t\t\t\t<\/div>\n\t\t<\/div>\n\t\t\t\t<div class=\"elementor-column elementor-col-50 elementor-top-column elementor-element elementor-element-f4970ce\" data-id=\"f4970ce\" data-element_type=\"column\" data-settings=\"{&quot;background_background&quot;:&quot;classic&quot;}\">\n\t\t\t<div class=\"elementor-column-wrap elementor-element-populated\">\n\t\t\t\t\t<div class=\"elementor-background-overlay\"><\/div>\n\t\t\t\t\t\t\t<div class=\"elementor-widget-wrap\">\n\t\t\t\t\t\t<div class=\"elementor-element elementor-element-84066fe elementor-widget elementor-widget-heading\" data-id=\"84066fe\" data-element_type=\"widget\" data-widget_type=\"heading.default\">\n\t\t\t\t<div class=\"elementor-widget-container\">\n\t\t\t<h2 class=\"elementor-heading-title elementor-size-xxl\">...<\/h2>\t\t<\/div>\n\t\t\t\t<\/div>\n\t\t\t\t<div class=\"elementor-element elementor-element-875cdde elementor-widget elementor-widget-text-editor\" data-id=\"875cdde\" data-element_type=\"widget\" data-widget_type=\"text-editor.default\">\n\t\t\t\t<div class=\"elementor-widget-container\">\n\t\t\t\t\t<div class=\"elementor-text-editor elementor-clearfix\"><p>En parall\u00e8le des collections de bijoux, \u00ab\u00a0Nathalie Borderie Cr\u00e9ation\u00a0\u00bb voit le jour en 2017 et permet \u00e0<br \/>l\u2019artiste de laisser libre court \u00e0 sa soif de volume et de cr\u00e9ativit\u00e9. La Tribu est n\u00e9e et elle est<br \/>pr\u00e9sent\u00e9e pour la premi\u00e8re fois en novembre 2017.<br \/>D\u00e8s 2018, le rythme s\u2019acc\u00e9l\u00e8re avec des participations \u00e0 des salons grand public et professionnels :<br \/>&#8211; Au salon d\u2019Art Contemporain ART3F (Cannes, Paris, Bruxelles), rencontre avec des galeristes,<br \/>et des collectionneurs,<br \/>&#8211; Salon Maison et Objet, espace M\u00e9tiers d\u2019Art Craft, rencontre avec des architectes<br \/>d\u2019int\u00e9rieurs, des prescripteurs et le monde du Design,<br \/>L\u2019adh\u00e9sion en qualit\u00e9 de membre actif aux Ateliers d\u2019Art de France depuis Juin 2019 est une<br \/>reconnaissance du savoir-faire de l\u2019artiste.<br \/>A ce jour, la Tribu voyage loin dans de sublimes endroits\u2026<\/p><\/div>\n\t\t\t\t<\/div>\n\t\t\t\t<\/div>\n\t\t\t\t\t\t<\/div>\n\t\t\t\t\t<\/div>\n\t\t<\/div>\n\t\t\t\t\t\t\t\t<\/div>\n\t\t\t\t\t<\/div>\n\t\t<\/section>\n\t\t\t\t<section class=\"elementor-section elementor-top-section elementor-element elementor-element-127c168 elementor-section-boxed elementor-section-height-default elementor-section-height-default\" data-id=\"127c168\" data-element_type=\"section\">\n\t\t\t\t\t\t<div class=\"elementor-container elementor-column-gap-default\">\n\t\t\t\t\t\t\t<div class=\"elementor-row\">\n\t\t\t\t\t<div class=\"elementor-column elementor-col-100 elementor-top-column elementor-element elementor-element-be12ae9\" data-id=\"be12ae9\" data-element_type=\"column\">\n\t\t\t<div class=\"elementor-column-wrap\">\n\t\t\t\t\t\t\t<div class=\"elementor-widget-wrap\">\n\t\t\t\t\t\t\t\t<\/div>\n\t\t\t\t\t<\/div>\n\t\t<\/div>\n\t\t\t\t\t\t\t\t<\/div>\n\t\t\t\t\t<\/div>\n\t\t<\/section>\n\t\t\t\t\t\t<\/div>\n\t\t\t\t\t\t<\/div>\n\t\t\t\t\t<\/div>\n\t\t","protected":false},"excerpt":{"rendered":"<p>Nathalie Borderie L&#8217;artiste Que dire de la cr\u00e9atrice \u2026 des \u00e9tincelles d\u2019id\u00e9es, un orage de couleurs et une imagination sanslimite\u2026 la tribu pousse ses premiers cris\u2026Rien n\u2019arrive au hasard \u2026 apr\u00e8s une formation de styliste Haute Couture, le travail du verre succ\u00e8de \u00e0celui du tissu \u2026 D\u00e9j\u00e0 des couleurs, des formes et une approche atypique de la cr\u00e9ation permettent \u00e0l\u2019artiste de se faire un nom et de participer \u00e0 de nombreux salons \u2026Puis vient le temps d\u2019une nouvelle collection de sculptures \u2026. Des pi\u00e8ces uniques reprenant le savoir-faire acquis depuis de nombreuses ann\u00e9es, le tout en format XXL\u2026 l\u2019accueil est \u00e0 la mesure du d\u00e9fi \u2026 Le cursus&#8230; L\u2019\u00e9cole de la rigueur \u2026 Dipl\u00f4m\u00e9e de l\u2019\u00e9cole Sup\u00e9rieure de la Chambre Syndicale de la CoutureParisienne, le travail de la cr\u00e9atrice se fa\u00e7onne.Nathalie travaille sur la pr\u00e9sentation de d\u00e9fil\u00e9s de Mode en tant que styliste et r\u00e9alise ses premi\u00e8rescr\u00e9ations de bijoux en pi\u00e8ce unique pour la Haute Couture \u2026 l\u2019histoire \u00e9tait en marche.Nathalie fait le pari os\u00e9 de repartir vers sa Touraine natale, cadre propice \u00e0 la cr\u00e9ation o\u00f9 elle installeson atelier en 1993. N\u00e9anmoins, Paris coulant dans ses veines, elle pr\u00e9sente sa premi\u00e8re collectionsur Bijorhca en 1994. S\u2019en suit une collaboration avec la marque japonaise Mich\u00e8le COLIN, tremplinpour un positionnement sur le march\u00e9 international. Les bijoux \u00ab\u00a0Nathalie Borderie\u00a0\u00bb sont alorspr\u00e9sents dans plus de 20 pays.Elle peaufine le travail du verre et de la couleur et attire les boutiques de diff\u00e9rents\u00a0mus\u00e9es\u00a0: The ArtInstitute Of Chicago, Mus\u00e9e Picasso Barcelone, Mus\u00e9e Andr\u00e9 Jacquemart Paris\u2026 Un virage artistiques\u2019amorce\u2026 &#8230; En parall\u00e8le des collections de bijoux, \u00ab\u00a0Nathalie Borderie Cr\u00e9ation\u00a0\u00bb voit le jour en 2017 et permet \u00e0l\u2019artiste de laisser libre court \u00e0 sa soif de volume et de cr\u00e9ativit\u00e9. La Tribu est n\u00e9e et elle estpr\u00e9sent\u00e9e pour la premi\u00e8re fois en novembre 2017.D\u00e8s 2018, le rythme s\u2019acc\u00e9l\u00e8re avec des participations \u00e0 des salons grand public et professionnels :&#8211; Au salon d\u2019Art Contemporain ART3F (Cannes, Paris, Bruxelles), rencontre avec des galeristes,et des collectionneurs,&#8211; Salon Maison et Objet, espace M\u00e9tiers d\u2019Art Craft, rencontre avec des architectesd\u2019int\u00e9rieurs, des prescripteurs et le monde du Design,L\u2019adh\u00e9sion en qualit\u00e9 de membre actif aux Ateliers d\u2019Art de France depuis Juin 2019 est unereconnaissance du savoir-faire de l\u2019artiste.A ce jour, la Tribu voyage loin dans de sublimes endroits\u2026<\/p>\n","protected":false},"author":2,"featured_media":0,"parent":0,"menu_order":0,"comment_status":"closed","ping_status":"closed","template":"elementor_header_footer","meta":[],"_links":{"self":[{"href":"https:\/\/nathalieborderie.fr\/index.php\/wp-json\/wp\/v2\/pages\/917"}],"collection":[{"href":"https:\/\/nathalieborderie.fr\/index.php\/wp-json\/wp\/v2\/pages"}],"about":[{"href":"https:\/\/nathalieborderie.fr\/index.php\/wp-json\/wp\/v2\/types\/page"}],"author":[{"embeddable":true,"href":"https:\/\/nathalieborderie.fr\/index.php\/wp-json\/wp\/v2\/users\/2"}],"replies":[{"embeddable":true,"href":"https:\/\/nathalieborderie.fr\/index.php\/wp-json\/wp\/v2\/comments?post=917"}],"version-history":[{"count":39,"href":"https:\/\/nathalieborderie.fr\/index.php\/wp-json\/wp\/v2\/pages\/917\/revisions"}],"predecessor-version":[{"id":2292,"href":"https:\/\/nathalieborderie.fr\/index.php\/wp-json\/wp\/v2\/pages\/917\/revisions\/2292"}],"wp:attachment":[{"href":"https:\/\/nathalieborderie.fr\/index.php\/wp-json\/wp\/v2\/media?parent=917"}],"curies":[{"name":"wp","href":"https:\/\/api.w.org\/{rel}","templated":true}]}}